{"id":3155,"date":"2025-03-05T08:01:20","date_gmt":"2025-03-05T07:01:20","guid":{"rendered":"https:\/\/ciudadinmersivamadrid.com\/policies\/privacy-policy\/"},"modified":"2026-04-14T12:13:15","modified_gmt":"2026-04-14T10:13:15","slug":"privacy-policy","status":"publish","type":"page","link":"https:\/\/ciudadinmersivamadrid.com\/en\/policies\/privacy-policy\/","title":{"rendered":"Privacy Policy"},"content":{"rendered":"\t\t<div data-elementor-type=\"wp-page\" data-elementor-id=\"3155\" class=\"elementor elementor-3155 elementor-3\" data-elementor-post-type=\"page\">\n\t\t\t\t<div class=\"elementor-element elementor-element-6a1d0d36 e-flex e-con-boxed e-con e-parent\" data-id=\"6a1d0d36\" data-element_type=\"container\" data-e-type=\"container\" data-settings=\"{&quot;background_background&quot;:&quot;classic&quot;}\">\n\t\t\t\t\t<div class=\"e-con-inner\">\n\t\t<div class=\"elementor-element elementor-element-d15b78b e-con-full e-flex e-con e-child\" data-id=\"d15b78b\" data-element_type=\"container\" data-e-type=\"container\">\n\t\t\t\t<div class=\"elementor-element elementor-element-21412b8e elementor-widget elementor-widget-text-editor\" data-id=\"21412b8e\" data-element_type=\"widget\" data-e-type=\"widget\" data-widget_type=\"text-editor.default\">\n\t\t\t\t\t\t\t\t\t\n<p>Data Controllers:<br>COMPANIES: \u00c0TIC COWORKING BUSINESS CENTER, S.L. \/ SUCESORES DE RIVADENEYRA, S.A<br>B-66247834 \/ A-28013894<br>Registered office: Calle Balan\u00e7o i Boter, 22, \u00e1tico &#8211; 08302 Matar\u00f3 (Barcelona)<br>Registered office: Calle Torneros, 16 &#8211; 28906 Getafe (Madrid)<br>Contact email: info@aticbc.com \/ eventos@aticbc.com<br>Telephone: 93 757 67 07<br><br>Purpose of processing:<br>The personal data provided through the website forms will be used to respond to enquiries, manage bookings or appointments, send communications related to the services provided, and maintain a commercial relationship with users.<br>Legal basis: Consent of the data subject (Art. 6(1)(a) GDPR)<br>Recipients:<br>Within the framework of the contractual relationship, the data may be disclosed to SUCESORES DE RIVADENEYRA, S.A., which is responsible for the final provision of the service and for invoicing. Both<br>companies act under a joint controllership agreement in relation to the processing of data, in accordance with Article 26 GDPR.<br><br>Rights:<br>You have the right to access, rectify, restrict and erase your data, as well as other rights, as explained in the additional information.<br><br>Retention period:<br>The data will be retained for the duration of the commercial relationship or for the number of years necessary to comply with legal obligations.<br><br><strong>User rights in relation to data protection<\/strong><br><strong><br><\/strong>The user has the right to obtain confirmation as to whether or not we are processing personal data concerning them.<br><br>Likewise, data subjects have the right to access their personal data, request the rectification of inaccurate data or, where appropriate, request its erasure when, among other reasons, the data is no longer necessary for the purposes for which it was collected.<br><br>In certain circumstances, data subjects may request the restriction of the processing of their data, in which case we will only retain it for the exercise or defence of legal claims.<br><br>They may also object to the processing of their data in certain circumstances and on grounds relating to their particular situation. Likewise, they shall have the right to request the portability of their data to another data controller, where technically possible and where the processing is based on consent or on the performance of a contract.<br><br>To exercise these rights, users may send an express request, together with a copy of their identity document, through the following means:<br><br>-Email: info@aticbc.com<br>-Postal address: Calle Torneros, 16 &#8211; 28906 Getafe (Madrid)<br>-Subject: \u201cExercise of data protection rights\u201d<br><br>We will respond to all requests within the time limits established by Regulation (EU) 2016\/679, the General Data Protection Regulation.<br><br>If the user considers that their rights have been infringed, they have the right to lodge a complaint with the Spanish Data Protection Agency (AEPD):<br><br><strong>Agencia Espa\u00f1ola de Protecci\u00f3n de Datos (AEPD)<\/strong><br>C\/ Jorge Juan, 6, 28001, Madrid<br>Telephone: 901 100 099 \/ 91 266 35 17<br>Website: <a href=\"https:\/\/www.aepd.es\" rel=\"nofollow noopener\" target=\"_blank\">https:\/\/www.aepd.es<\/a><\/p>\n\t\t\t\t\t\t\t\t<\/div>\n\t\t\t\t<\/div>\n\t\t\t\t\t<\/div>\n\t\t\t\t<\/div>\n\t\t\t\t<\/div>\n\t\t","protected":false},"excerpt":{"rendered":"<p>Data Controllers:COMPANIES: \u00c0TIC COWORKING BUSINESS CENTER, S.L. \/ SUCESORES DE RIVADENEYRA, S.AB-66247834 \/ A-28013894Registered office: Calle Balan\u00e7o i Boter, 22, \u00e1tico &#8211; 08302 Matar\u00f3 (Barcelona)Registered office: Calle Torneros, 16 &#8211; 28906 Getafe (Madrid)Contact email: info@aticbc.com \/ eventos@aticbc.comTelephone: 93 757 67 07 Purpose of processing:The personal data provided through the website forms will be used to [&hellip;]<\/p>\n","protected":false},"author":1,"featured_media":0,"parent":3091,"menu_order":0,"comment_status":"closed","ping_status":"closed","template":"","meta":{"footnotes":""},"class_list":["post-3155","page","type-page","status-publish","hentry"],"_links":{"self":[{"href":"https:\/\/ciudadinmersivamadrid.com\/en\/wp-json\/wp\/v2\/pages\/3155","targetHints":{"allow":["GET"]}}],"collection":[{"href":"https:\/\/ciudadinmersivamadrid.com\/en\/wp-json\/wp\/v2\/pages"}],"about":[{"href":"https:\/\/ciudadinmersivamadrid.com\/en\/wp-json\/wp\/v2\/types\/page"}],"author":[{"embeddable":true,"href":"https:\/\/ciudadinmersivamadrid.com\/en\/wp-json\/wp\/v2\/users\/1"}],"replies":[{"embeddable":true,"href":"https:\/\/ciudadinmersivamadrid.com\/en\/wp-json\/wp\/v2\/comments?post=3155"}],"version-history":[{"count":2,"href":"https:\/\/ciudadinmersivamadrid.com\/en\/wp-json\/wp\/v2\/pages\/3155\/revisions"}],"predecessor-version":[{"id":3266,"href":"https:\/\/ciudadinmersivamadrid.com\/en\/wp-json\/wp\/v2\/pages\/3155\/revisions\/3266"}],"up":[{"embeddable":true,"href":"https:\/\/ciudadinmersivamadrid.com\/en\/wp-json\/wp\/v2\/pages\/3091"}],"wp:attachment":[{"href":"https:\/\/ciudadinmersivamadrid.com\/en\/wp-json\/wp\/v2\/media?parent=3155"}],"curies":[{"name":"wp","href":"https:\/\/api.w.org\/{rel}","templated":true}]}}